{"id":4450,"date":"2023-09-14T00:33:08","date_gmt":"2023-09-14T00:33:08","guid":{"rendered":"https:\/\/triggerizmir.com\/arinnanda\/?page_id=4450"},"modified":"2024-12-15T17:00:07","modified_gmt":"2024-12-15T17:00:07","slug":"hakkinda","status":"publish","type":"page","link":"https:\/\/triggerizmir.com\/arinnanda\/hakkinda\/","title":{"rendered":"Hakk\u0131nda"},"content":{"rendered":"<p><div class=\"fusion-fullwidth fullwidth-box fusion-builder-row-1 fusion-flex-container has-pattern-background has-mask-background fusion-parallax-none hundred-percent-fullwidth non-hundred-percent-height-scrolling\" style=\"--awb-border-radius-top-left:0px;--awb-border-radius-top-right:0px;--awb-border-radius-bottom-right:0px;--awb-border-radius-bottom-left:0px;--awb-min-height:65vh;--awb-min-height-small:50vh;--awb-background-image:linear-gradient(180deg, hsla(var(--awb-color8-h),var(--awb-color8-s),var(--awb-color8-l),calc(var(--awb-color8-a) - 72%)) 0%,hsla(var(--awb-color8-h),var(--awb-color8-s),var(--awb-color8-l),calc(var(--awb-color8-a) - 90%)) 100%),url(https:\/\/triggerizmir.com\/arinnanda\/wp-content\/uploads\/2024\/11\/Arinnanda-Otel-Cesme-Hakkimizda-Page.jpg);;--awb-background-size:cover;--awb-flex-wrap:wrap;\" ><div class=\"fusion-builder-row fusion-row fusion-flex-align-items-flex-start fusion-flex-align-content-flex-end fusion-flex-content-wrap\" style=\"width:104% !important;max-width:104% !important;margin-left: calc(-4% \/ 2 );margin-right: calc(-4% \/ 2 );\"><div class=\"fusion-layout-column fusion_builder_column fusion-builder-column-0 fusion_builder_column_1_1 1_1 fusion-flex-column\" style=\"--awb-bg-size:cover;--awb-width-large:100%;--awb-margin-top-large:16px;--awb-spacing-right-large:1.92%;--awb-margin-bottom-large:0px;--awb-spacing-left-large:1.92%;--awb-width-medium:100%;--awb-order-medium:0;--awb-spacing-right-medium:1.92%;--awb-spacing-left-medium:1.92%;--awb-width-small:100%;--awb-order-small:0;--awb-spacing-right-small:1.92%;--awb-spacing-left-small:1.92%;\" data-motion-effects=\"[{&quot;type&quot;:&quot;scroll&quot;,&quot;transition_speed&quot;:&quot;1.5&quot;,&quot;start_element&quot;:&quot;top&quot;,&quot;start_viewport&quot;:&quot;bottom&quot;,&quot;end_element&quot;:&quot;center&quot;,&quot;end_viewport&quot;:&quot;top&quot;},{&quot;type&quot;:&quot;scroll&quot;,&quot;scroll_type&quot;:&quot;fade&quot;,&quot;end_element&quot;:&quot;center&quot;,&quot;end_viewport&quot;:&quot;center&quot;}]\" data-scroll-devices=\"small-visibility,medium-visibility,large-visibility\"><div class=\"fusion-column-wrapper fusion-column-has-shadow fusion-flex-justify-content-flex-start fusion-content-layout-column\"><div class=\"fusion-title title fusion-title-1 fusion-sep-none fusion-title-center fusion-title-text fusion-title-size-one\" style=\"--awb-text-color:var(--awb-color1);--awb-margin-bottom:0px;--awb-margin-top-small:0px;--awb-margin-right-small:0px;--awb-margin-bottom-small:8px;--awb-margin-left-small:0px;--awb-font-size:5rem;\"><h1 class=\"fusion-title-heading title-heading-center fusion-responsive-typography-calculated\" style=\"font-family:var(--awb-custom_typography_1-font-family);font-weight:var(--awb-custom_typography_1-font-weight);font-style:var(--awb-custom_typography_1-font-style);margin:0;letter-spacing:var(--awb-custom_typography_1-letter-spacing);text-transform:var(--awb-custom_typography_1-text-transform);font-size:1em;--fontSize:90;line-height:var(--awb-custom_typography_1-line-height);\">\u00c7e\u015fme&#8217;deki Eviniz<\/h1><\/div><\/div><\/div><div class=\"fusion-layout-column fusion_builder_column fusion-builder-column-1 fusion_builder_column_1_1 1_1 fusion-flex-column\" style=\"--awb-bg-size:cover;--awb-width-large:100%;--awb-margin-top-large:16px;--awb-spacing-right-large:1.92%;--awb-margin-bottom-large:16px;--awb-spacing-left-large:1.92%;--awb-width-medium:100%;--awb-order-medium:0;--awb-spacing-right-medium:1.92%;--awb-spacing-left-medium:1.92%;--awb-width-small:100%;--awb-order-small:0;--awb-spacing-right-small:1.92%;--awb-spacing-left-small:1.92%;\"><div class=\"fusion-column-wrapper fusion-column-has-shadow fusion-flex-justify-content-flex-start fusion-content-layout-column\"><\/div><\/div><\/div><\/div><div class=\"fusion-fullwidth fullwidth-box fusion-builder-row-2 fusion-flex-container has-pattern-background has-mask-background nonhundred-percent-fullwidth non-hundred-percent-height-scrolling\" style=\"--awb-border-radius-top-left:0px;--awb-border-radius-top-right:0px;--awb-border-radius-bottom-right:0px;--awb-border-radius-bottom-left:0px;--awb-padding-top:30px;--awb-padding-bottom:10px;--awb-padding-top-medium:96px;--awb-padding-bottom-medium:96px;--awb-padding-top-small:30px;--awb-padding-bottom-small:5px;--awb-flex-wrap:wrap;\" ><div class=\"fusion-builder-row fusion-row fusion-flex-align-items-center fusion-flex-justify-content-center fusion-flex-content-wrap\" style=\"max-width:1248px;margin-left: calc(-4% \/ 2 );margin-right: calc(-4% \/ 2 );\"><div class=\"fusion-layout-column fusion_builder_column fusion-builder-column-2 fusion_builder_column_1_2 1_2 fusion-flex-column\" style=\"--awb-bg-size:cover;--awb-width-large:50%;--awb-margin-top-large:16px;--awb-spacing-right-large:3.84%;--awb-margin-bottom-large:16px;--awb-spacing-left-large:3.84%;--awb-width-medium:88%;--awb-order-medium:0;--awb-spacing-right-medium:2.1818181818182%;--awb-margin-bottom-medium:32px;--awb-spacing-left-medium:2.1818181818182%;--awb-width-small:100%;--awb-order-small:0;--awb-margin-top-small:16px;--awb-spacing-right-small:1.92%;--awb-margin-bottom-small:16px;--awb-spacing-left-small:1.92%;\"><div class=\"fusion-column-wrapper fusion-column-has-shadow fusion-flex-justify-content-flex-start fusion-content-layout-column\"><div class=\"fusion-title title fusion-title-2 fusion-sep-none fusion-title-text fusion-title-size-one\" style=\"--awb-margin-bottom:0px;--awb-margin-top-small:0px;--awb-margin-right-small:0px;--awb-margin-bottom-small:8px;--awb-margin-left-small:0px;--awb-font-size:var(--awb-typography1-font-size);\"><h1 class=\"fusion-title-heading title-heading-left fusion-responsive-typography-calculated\" style=\"font-family:var(--awb-typography1-font-family);font-weight:var(--awb-typography1-font-weight);font-style:var(--awb-typography1-font-style);margin:0;letter-spacing:var(--awb-typography1-letter-spacing);text-transform:var(--awb-typography1-text-transform);font-size:1em;--fontSize:60;line-height:var(--awb-typography1-line-height);\">\u015eimdi. <span style=\"color: var(--awb-color4);\">\u00c7e\u015fme&#8217;de hayal etti\u011finiz tatile merhaba deyin.<\/span><\/h1><\/div><\/div><\/div><div class=\"fusion-layout-column fusion_builder_column fusion-builder-column-3 fusion_builder_column_1_2 1_2 fusion-flex-column\" style=\"--awb-bg-size:cover;--awb-width-large:50%;--awb-margin-top-large:16px;--awb-spacing-right-large:3.84%;--awb-margin-bottom-large:16px;--awb-spacing-left-large:3.84%;--awb-width-medium:50%;--awb-order-medium:0;--awb-spacing-right-medium:3.84%;--awb-spacing-left-medium:3.84%;--awb-width-small:100%;--awb-order-small:0;--awb-spacing-right-small:1.92%;--awb-spacing-left-small:1.92%;\"><div class=\"fusion-column-wrapper fusion-column-has-shadow fusion-flex-justify-content-flex-start fusion-content-layout-column\"><div class=\"fusion-text fusion-text-1\"><p style=\"text-align: justify;\">Hizmete al\u0131nd\u0131\u011f\u0131, 1991 y\u0131l\u0131ndan beri bir aile oteli olarak hizmet vermekte olan\u00a0Arinnanda Otel, Tolcay \u0130n\u015f. Tur. San. ve Tic. A.\u015e. b\u00fcnyesinde i\u015fletilmektedir. Otelimizin y\u00f6netimi 2002 y\u0131l\u0131ndan itibaren 2. nesile ge\u00e7mi\u015ftir ve halen \u0130n\u015faat M\u00fchendisi Olcayto Akkoyunlu taraf\u0131ndan y\u00f6netilmeye devam etmektedir.<\/p>\n<p style=\"text-align: justify;\">Kaliteden \u00f6d\u00fcn vermeyen hizmet anlay\u0131\u015f\u0131m\u0131zla \u00c7e\u015fme&#8217;de keyifli bir tatil ge\u00e7irmeniz i\u00e7in &#8220;\u00c7e\u015fme&#8217;deki Eviniz&#8221; slogan\u0131 ile hizmet vermekteyiz.<\/p>\n<p style=\"text-align: justify;\">\u00c7e\u015fme\u2019nin se\u00e7kin plajlar\u0131na y\u00fcr\u00fcme mesafesindeki Arinnanda Otel&#8217;de misafirlerimize kaliteli bir hizmet sunuyoruz.<\/p>\n<\/div><\/div><\/div><\/div><\/div><div class=\"fusion-fullwidth fullwidth-box fusion-builder-row-3 fusion-flex-container has-pattern-background has-mask-background nonhundred-percent-fullwidth non-hundred-percent-height-scrolling\" style=\"--awb-border-radius-top-left:0px;--awb-border-radius-top-right:0px;--awb-border-radius-bottom-right:0px;--awb-border-radius-bottom-left:0px;--awb-padding-top:10px;--awb-padding-bottom:10px;--awb-padding-top-small:0px;--awb-padding-bottom-small:8px;--awb-flex-wrap:wrap;\" ><div class=\"fusion-builder-row fusion-row fusion-flex-align-items-stretch fusion-flex-justify-content-center fusion-flex-content-wrap\" style=\"max-width:1248px;margin-left: calc(-4% \/ 2 );margin-right: calc(-4% \/ 2 );\"><div class=\"fusion-layout-column fusion_builder_column fusion-builder-column-4 fusion_builder_column_1_2 1_2 fusion-flex-column\" style=\"--awb-bg-size:cover;--awb-width-large:50%;--awb-margin-top-large:16px;--awb-spacing-right-large:3.84%;--awb-margin-bottom-large:16px;--awb-spacing-left-large:3.84%;--awb-width-medium:50%;--awb-order-medium:0;--awb-spacing-right-medium:3.84%;--awb-spacing-left-medium:3.84%;--awb-width-small:100%;--awb-order-small:0;--awb-spacing-right-small:1.92%;--awb-spacing-left-small:1.92%;\"><div class=\"fusion-column-wrapper fusion-column-has-shadow fusion-flex-justify-content-flex-start fusion-content-layout-column\"><div class=\"fusion-text fusion-text-2\"><p style=\"text-align: justify;\">\u00c7e\u015fme\u2019nin hareketli hayat\u0131na kolayca kat\u0131labilece\u011finiz merkezi konumda olan\u00a0Arinnanda Otel&#8217;de, ye\u015fillikler i\u00e7inde kervansaray tarz\u0131 mimarisi ile yaz boyunca huzurlu, sakin ve konforlu bir tatil ge\u00e7irmenizi garanti ediyoruz.\u00a0Arinnanda Otel\u2019de g\u00fcn boyunca keyifli vakit ge\u00e7irmek \u00e7ok kolay.<\/p>\n<p style=\"text-align: justify;\">Modern dekorasyonu ile \u00f6n plana \u00e7\u0131kan bah\u00e7e suitlerimizin \u00f6zel teraslar\u0131nda, dilerseniz serpme kahvalt\u0131n\u0131z\u0131 kendi teras\u0131n\u0131zda al\u0131r, b\u00fct\u00fcn g\u00fcn a\u011fa\u00e7lar\u0131n alt\u0131ndaki hama\u011f\u0131n\u0131zda dinlenebilirsiniz.<\/p>\n<p style=\"text-align: justify;\">Otelimizin, b\u00fcy\u00fck bir k\u0131sm\u0131 yenilenmi\u015f olan farkl\u0131 b\u00fcy\u00fckl\u00fcklerde tamam\u0131 balkonlu ya da terasl\u0131 53 odas\u0131 mevcuttur.<\/p>\n<\/div><\/div><\/div><div class=\"fusion-layout-column fusion_builder_column fusion-builder-column-5 fusion_builder_column_1_2 1_2 fusion-flex-column\" style=\"--awb-bg-position:center center;--awb-bg-size:cover;--awb-width-large:50%;--awb-margin-top-large:16px;--awb-spacing-right-large:3.84%;--awb-margin-bottom-large:16px;--awb-spacing-left-large:3.84%;--awb-width-medium:50%;--awb-order-medium:0;--awb-spacing-right-medium:3.84%;--awb-spacing-left-medium:3.84%;--awb-width-small:100%;--awb-order-small:0;--awb-spacing-right-small:1.92%;--awb-spacing-left-small:1.92%;\"><div class=\"fusion-column-wrapper fusion-column-has-shadow fusion-flex-justify-content-center fusion-content-layout-column\"><div class=\"fusion-image-element \" style=\"--awb-caption-title-font-family:var(--h2_typography-font-family);--awb-caption-title-font-weight:var(--h2_typography-font-weight);--awb-caption-title-font-style:var(--h2_typography-font-style);--awb-caption-title-size:var(--h2_typography-font-size);--awb-caption-title-transform:var(--h2_typography-text-transform);--awb-caption-title-line-height:var(--h2_typography-line-height);--awb-caption-title-letter-spacing:var(--h2_typography-letter-spacing);\"><span class=\" fusion-imageframe imageframe-none imageframe-1 hover-type-none brd-img\"><img decoding=\"async\" width=\"1200\" height=\"798\" title=\"Arinnanda-Otel-Cesme-Hakkimizda-2\" src=\"https:\/\/triggerizmir.com\/arinnanda\/wp-content\/uploads\/2024\/11\/Arinnanda-Otel-Cesme-Hakkimizda-2.jpg\" alt class=\"img-responsive wp-image-8675\" srcset=\"https:\/\/triggerizmir.com\/arinnanda\/wp-content\/uploads\/2024\/11\/Arinnanda-Otel-Cesme-Hakkimizda-2-200x133.jpg 200w, https:\/\/triggerizmir.com\/arinnanda\/wp-content\/uploads\/2024\/11\/Arinnanda-Otel-Cesme-Hakkimizda-2-400x266.jpg 400w, https:\/\/triggerizmir.com\/arinnanda\/wp-content\/uploads\/2024\/11\/Arinnanda-Otel-Cesme-Hakkimizda-2-600x399.jpg 600w, https:\/\/triggerizmir.com\/arinnanda\/wp-content\/uploads\/2024\/11\/Arinnanda-Otel-Cesme-Hakkimizda-2-800x532.jpg 800w, https:\/\/triggerizmir.com\/arinnanda\/wp-content\/uploads\/2024\/11\/Arinnanda-Otel-Cesme-Hakkimizda-2.jpg 1200w\" sizes=\"(max-width: 640px) 100vw, 600px\" \/><\/span><\/div><\/div><\/div><\/div><\/div><div class=\"fusion-fullwidth fullwidth-box fusion-builder-row-4 fusion-flex-container has-pattern-background has-mask-background nonhundred-percent-fullwidth non-hundred-percent-height-scrolling\" style=\"--awb-border-radius-top-left:0px;--awb-border-radius-top-right:0px;--awb-border-radius-bottom-right:0px;--awb-border-radius-bottom-left:0px;--awb-flex-wrap:wrap;\" ><div class=\"fusion-builder-row fusion-row fusion-flex-align-items-flex-start fusion-flex-content-wrap\" style=\"max-width:1248px;margin-left: calc(-4% \/ 2 );margin-right: calc(-4% \/ 2 );\"><div class=\"fusion-layout-column fusion_builder_column fusion-builder-column-6 fusion_builder_column_1_1 1_1 fusion-flex-column\" style=\"--awb-bg-size:cover;--awb-width-large:100%;--awb-margin-top-large:16px;--awb-spacing-right-large:1.92%;--awb-margin-bottom-large:16px;--awb-spacing-left-large:1.92%;--awb-width-medium:100%;--awb-order-medium:0;--awb-spacing-right-medium:1.92%;--awb-spacing-left-medium:1.92%;--awb-width-small:100%;--awb-order-small:0;--awb-spacing-right-small:1.92%;--awb-spacing-left-small:1.92%;\"><div class=\"fusion-column-wrapper fusion-column-has-shadow fusion-flex-justify-content-flex-start fusion-content-layout-column\"><div class=\"fusion-text fusion-text-3 fusion-text-no-margin\" style=\"--awb-text-color:#000000;--awb-margin-bottom:5px;\"><p style=\"text-align: center;\"><strong>Arinnanda Otel \u00c7e\u015fme<\/strong><\/p>\n<\/div><div class=\"fusion-title title fusion-title-3 fusion-sep-none fusion-title-center fusion-title-text fusion-title-size-one\" style=\"--awb-margin-bottom:16px;--awb-margin-top-small:0px;--awb-margin-right-small:0px;--awb-margin-bottom-small:24px;--awb-margin-left-small:0px;--awb-font-size:45px;\"><h1 class=\"fusion-title-heading title-heading-center fusion-responsive-typography-calculated\" style=\"margin:0;font-size:1em;--fontSize:45;line-height:var(--awb-typography1-line-height);\"><span style=\"color: var(--awb-color5);\">Tan\u0131t\u0131m Filmi<\/span><\/h1><\/div><\/div><\/div><div class=\"fusion-layout-column fusion_builder_column fusion-builder-column-7 fusion_builder_column_1_6 1_6 fusion-flex-column\" style=\"--awb-bg-size:cover;--awb-width-large:16.666666666667%;--awb-margin-top-large:16px;--awb-spacing-right-large:11.52%;--awb-margin-bottom-large:16px;--awb-spacing-left-large:11.52%;--awb-width-medium:16.666666666667%;--awb-order-medium:0;--awb-spacing-right-medium:11.52%;--awb-spacing-left-medium:11.52%;--awb-width-small:100%;--awb-order-small:0;--awb-spacing-right-small:1.92%;--awb-spacing-left-small:1.92%;\"><div class=\"fusion-column-wrapper fusion-column-has-shadow fusion-flex-justify-content-flex-start fusion-content-layout-column\"><\/div><\/div><div class=\"fusion-layout-column fusion_builder_column fusion-builder-column-8 fusion_builder_column_2_3 2_3 fusion-flex-column\" style=\"--awb-bg-size:cover;--awb-width-large:66.666666666667%;--awb-margin-top-large:16px;--awb-spacing-right-large:2.88%;--awb-margin-bottom-large:16px;--awb-spacing-left-large:2.88%;--awb-width-medium:66.666666666667%;--awb-order-medium:0;--awb-spacing-right-medium:2.88%;--awb-spacing-left-medium:2.88%;--awb-width-small:100%;--awb-order-small:0;--awb-spacing-right-small:1.92%;--awb-spacing-left-small:1.92%;\"><div class=\"fusion-column-wrapper fusion-column-has-shadow fusion-flex-justify-content-flex-start fusion-content-layout-column\"><a class=\"awb-lightbox awb-lightbox-1\" href=\"https:\/\/www.youtube.com\/watch?v=lSA4tcB5sC4\" data-rel=\"iLightbox\"><img decoding=\"async\" src=\"https:\/\/triggerizmir.com\/arinnanda\/wp-content\/uploads\/2024\/11\/Arinnanda-Otel-Cesme-Video.jpg\"><\/a><\/div><\/div><div class=\"fusion-layout-column fusion_builder_column fusion-builder-column-9 fusion_builder_column_1_6 1_6 fusion-flex-column\" style=\"--awb-bg-size:cover;--awb-width-large:16.666666666667%;--awb-margin-top-large:16px;--awb-spacing-right-large:11.52%;--awb-margin-bottom-large:16px;--awb-spacing-left-large:11.52%;--awb-width-medium:16.666666666667%;--awb-order-medium:0;--awb-spacing-right-medium:11.52%;--awb-spacing-left-medium:11.52%;--awb-width-small:100%;--awb-order-small:0;--awb-spacing-right-small:1.92%;--awb-spacing-left-small:1.92%;\"><div class=\"fusion-column-wrapper fusion-column-has-shadow fusion-flex-justify-content-flex-start fusion-content-layout-column\"><\/div><\/div><\/div><\/div><\/p>\n","protected":false},"excerpt":{"rendered":"","protected":false},"author":1,"featured_media":0,"parent":0,"menu_order":0,"comment_status":"closed","ping_status":"closed","template":"100-width.php","meta":{"footnotes":""},"class_list":["post-4450","page","type-page","status-publish","hentry"],"_links":{"self":[{"href":"https:\/\/triggerizmir.com\/arinnanda\/wp-json\/wp\/v2\/pages\/4450","targetHints":{"allow":["GET"]}}],"collection":[{"href":"https:\/\/triggerizmir.com\/arinnanda\/wp-json\/wp\/v2\/pages"}],"about":[{"href":"https:\/\/triggerizmir.com\/arinnanda\/wp-json\/wp\/v2\/types\/page"}],"author":[{"embeddable":true,"href":"https:\/\/triggerizmir.com\/arinnanda\/wp-json\/wp\/v2\/users\/1"}],"replies":[{"embeddable":true,"href":"https:\/\/triggerizmir.com\/arinnanda\/wp-json\/wp\/v2\/comments?post=4450"}],"version-history":[{"count":46,"href":"https:\/\/triggerizmir.com\/arinnanda\/wp-json\/wp\/v2\/pages\/4450\/revisions"}],"predecessor-version":[{"id":9108,"href":"https:\/\/triggerizmir.com\/arinnanda\/wp-json\/wp\/v2\/pages\/4450\/revisions\/9108"}],"wp:attachment":[{"href":"https:\/\/triggerizmir.com\/arinnanda\/wp-json\/wp\/v2\/media?parent=4450"}],"curies":[{"name":"wp","href":"https:\/\/api.w.org\/{rel}","templated":true}]}}