{"id":8737,"date":"2024-11-28T17:54:19","date_gmt":"2024-11-28T17:54:19","guid":{"rendered":"https:\/\/triggerizmir.com\/arinnanda\/?page_id=8737"},"modified":"2024-12-15T18:00:04","modified_gmt":"2024-12-15T18:00:04","slug":"surdurulebilirlik","status":"publish","type":"page","link":"https:\/\/triggerizmir.com\/arinnanda\/surdurulebilirlik\/","title":{"rendered":"S\u00fcrd\u00fcr\u00fclebilirlik"},"content":{"rendered":"<p><div class=\"fusion-fullwidth fullwidth-box fusion-builder-row-1 fusion-flex-container has-pattern-background has-mask-background fusion-parallax-none hundred-percent-fullwidth non-hundred-percent-height-scrolling\" style=\"--awb-border-radius-top-left:0px;--awb-border-radius-top-right:0px;--awb-border-radius-bottom-right:0px;--awb-border-radius-bottom-left:0px;--awb-min-height:65vh;--awb-min-height-small:50vh;--awb-background-image:linear-gradient(180deg, hsla(var(--awb-color8-h),var(--awb-color8-s),var(--awb-color8-l),calc(var(--awb-color8-a) - 72%)) 0%,hsla(var(--awb-color8-h),var(--awb-color8-s),var(--awb-color8-l),calc(var(--awb-color8-a) - 90%)) 100%),url(https:\/\/triggerizmir.com\/arinnanda\/wp-content\/uploads\/2024\/11\/Arinnanda-Otel-Cesme-Surdurulebilirlik.jpg);;--awb-background-size:cover;--awb-flex-wrap:wrap;\" ><div class=\"fusion-builder-row fusion-row fusion-flex-align-items-flex-start fusion-flex-align-content-flex-end fusion-flex-content-wrap\" style=\"width:104% !important;max-width:104% !important;margin-left: calc(-4% \/ 2 );margin-right: calc(-4% \/ 2 );\"><div class=\"fusion-layout-column fusion_builder_column fusion-builder-column-0 fusion_builder_column_1_1 1_1 fusion-flex-column\" style=\"--awb-bg-size:cover;--awb-width-large:100%;--awb-margin-top-large:16px;--awb-spacing-right-large:1.92%;--awb-margin-bottom-large:0px;--awb-spacing-left-large:1.92%;--awb-width-medium:100%;--awb-order-medium:0;--awb-spacing-right-medium:1.92%;--awb-spacing-left-medium:1.92%;--awb-width-small:100%;--awb-order-small:0;--awb-spacing-right-small:1.92%;--awb-spacing-left-small:1.92%;\" data-motion-effects=\"[{&quot;type&quot;:&quot;scroll&quot;,&quot;transition_speed&quot;:&quot;1.5&quot;,&quot;start_element&quot;:&quot;top&quot;,&quot;start_viewport&quot;:&quot;bottom&quot;,&quot;end_element&quot;:&quot;center&quot;,&quot;end_viewport&quot;:&quot;top&quot;},{&quot;type&quot;:&quot;scroll&quot;,&quot;scroll_type&quot;:&quot;fade&quot;,&quot;end_element&quot;:&quot;center&quot;,&quot;end_viewport&quot;:&quot;center&quot;}]\" data-scroll-devices=\"small-visibility,medium-visibility,large-visibility\"><div class=\"fusion-column-wrapper fusion-column-has-shadow fusion-flex-justify-content-flex-start fusion-content-layout-column\"><div class=\"fusion-title title fusion-title-1 fusion-sep-none fusion-title-center fusion-title-text fusion-title-size-one\" style=\"--awb-text-color:var(--awb-color1);--awb-margin-bottom:0px;--awb-margin-top-small:0px;--awb-margin-right-small:0px;--awb-margin-bottom-small:8px;--awb-margin-left-small:0px;--awb-font-size:5rem;\"><h1 class=\"fusion-title-heading title-heading-center fusion-responsive-typography-calculated\" style=\"font-family:var(--awb-custom_typography_1-font-family);font-weight:var(--awb-custom_typography_1-font-weight);font-style:var(--awb-custom_typography_1-font-style);margin:0;letter-spacing:var(--awb-custom_typography_1-letter-spacing);text-transform:var(--awb-custom_typography_1-text-transform);font-size:1em;--fontSize:90;line-height:var(--awb-custom_typography_1-line-height);\">S\u00fcrd\u00fcr\u00fclebilir Bir Tatil<\/h1><\/div><\/div><\/div><div class=\"fusion-layout-column fusion_builder_column fusion-builder-column-1 fusion_builder_column_1_1 1_1 fusion-flex-column\" style=\"--awb-bg-size:cover;--awb-width-large:100%;--awb-margin-top-large:16px;--awb-spacing-right-large:1.92%;--awb-margin-bottom-large:16px;--awb-spacing-left-large:1.92%;--awb-width-medium:100%;--awb-order-medium:0;--awb-spacing-right-medium:1.92%;--awb-spacing-left-medium:1.92%;--awb-width-small:100%;--awb-order-small:0;--awb-spacing-right-small:1.92%;--awb-spacing-left-small:1.92%;\"><div class=\"fusion-column-wrapper fusion-column-has-shadow fusion-flex-justify-content-flex-start fusion-content-layout-column\"><\/div><\/div><\/div><\/div><div class=\"fusion-fullwidth fullwidth-box fusion-builder-row-2 fusion-flex-container has-pattern-background has-mask-background nonhundred-percent-fullwidth non-hundred-percent-height-scrolling\" style=\"--awb-border-radius-top-left:0px;--awb-border-radius-top-right:0px;--awb-border-radius-bottom-right:0px;--awb-border-radius-bottom-left:0px;--awb-padding-top:30px;--awb-padding-bottom:10px;--awb-padding-top-medium:96px;--awb-padding-bottom-medium:96px;--awb-padding-top-small:72px;--awb-padding-bottom-small:72px;--awb-flex-wrap:wrap;\" ><div class=\"fusion-builder-row fusion-row fusion-flex-align-items-center fusion-flex-justify-content-center fusion-flex-content-wrap\" style=\"max-width:1248px;margin-left: calc(-4% \/ 2 );margin-right: calc(-4% \/ 2 );\"><div class=\"fusion-layout-column fusion_builder_column fusion-builder-column-2 fusion_builder_column_3_4 3_4 fusion-flex-column\" style=\"--awb-bg-size:cover;--awb-width-large:75%;--awb-margin-top-large:16px;--awb-spacing-right-large:2.56%;--awb-margin-bottom-large:16px;--awb-spacing-left-large:2.56%;--awb-width-medium:75%;--awb-order-medium:0;--awb-spacing-right-medium:2.56%;--awb-spacing-left-medium:2.56%;--awb-width-small:100%;--awb-order-small:0;--awb-spacing-right-small:1.92%;--awb-spacing-left-small:1.92%;\"><div class=\"fusion-column-wrapper fusion-column-has-shadow fusion-flex-justify-content-flex-start fusion-content-layout-column\"><div class=\"fusion-text fusion-text-1\"><p>Arinnanda Otel \u00c7e\u015fme olarak, do\u011fal g\u00fczelliklerin ve \u00e7evremizin korunmas\u0131na b\u00fcy\u00fck \u00f6nem veriyoruz. S\u00fcrd\u00fcr\u00fclebilirlik anlay\u0131\u015f\u0131m\u0131z, misafirlerimize keyifli bir tatil sunarken gelecek nesillere ya\u015fanabilir bir d\u00fcnya b\u0131rakma sorumlulu\u011fuyla \u015fekilleniyor.<\/p>\n<ul>\n<li><strong>Enerji Verimlili\u011fi:<\/strong> Tesisimizde yenilenebilir enerji kaynaklar\u0131ndan yararlan\u0131yor, enerji tasarrufunu \u00f6n planda tutuyoruz.<\/li>\n<li><strong>Su Y\u00f6netimi:<\/strong> Su kaynaklar\u0131n\u0131 korumak i\u00e7in etkin y\u00f6ntemler kullan\u0131yor ve su t\u00fcketimini en aza indirmek i\u00e7in \u00e7al\u0131\u015f\u0131yoruz.<\/li>\n<li><strong>At\u0131k Azaltma:<\/strong> Geri d\u00f6n\u00fc\u015f\u00fcm ve s\u0131f\u0131r at\u0131k politikalar\u0131m\u0131zla, do\u011faya b\u0131rak\u0131lan olumsuz etkileri minimuma indiriyoruz.<\/li>\n<li><strong>Yerel Destek:<\/strong> \u00c7evremizdeki yerel \u00fcreticilerle i\u015f birli\u011fi yaparak hem yerel ekonomiye katk\u0131 sa\u011fl\u0131yor hem de taze ve kaliteli \u00fcr\u00fcnler sunuyoruz.<\/li>\n<\/ul>\n<p>Arinnanda Otel\u2019de, do\u011fay\u0131 koruma bilinciyle hareket ediyor ve s\u00fcrd\u00fcr\u00fclebilir bir gelecek i\u00e7in \u00fczerimize d\u00fc\u015feni yapmaya devam ediyoruz.<\/p>\n<\/div><\/div><\/div><\/div><\/div><\/p>\n","protected":false},"excerpt":{"rendered":"","protected":false},"author":1,"featured_media":0,"parent":0,"menu_order":0,"comment_status":"closed","ping_status":"closed","template":"100-width.php","meta":{"footnotes":""},"class_list":["post-8737","page","type-page","status-publish","hentry"],"_links":{"self":[{"href":"https:\/\/triggerizmir.com\/arinnanda\/wp-json\/wp\/v2\/pages\/8737","targetHints":{"allow":["GET"]}}],"collection":[{"href":"https:\/\/triggerizmir.com\/arinnanda\/wp-json\/wp\/v2\/pages"}],"about":[{"href":"https:\/\/triggerizmir.com\/arinnanda\/wp-json\/wp\/v2\/types\/page"}],"author":[{"embeddable":true,"href":"https:\/\/triggerizmir.com\/arinnanda\/wp-json\/wp\/v2\/users\/1"}],"replies":[{"embeddable":true,"href":"https:\/\/triggerizmir.com\/arinnanda\/wp-json\/wp\/v2\/comments?post=8737"}],"version-history":[{"count":8,"href":"https:\/\/triggerizmir.com\/arinnanda\/wp-json\/wp\/v2\/pages\/8737\/revisions"}],"predecessor-version":[{"id":9141,"href":"https:\/\/triggerizmir.com\/arinnanda\/wp-json\/wp\/v2\/pages\/8737\/revisions\/9141"}],"wp:attachment":[{"href":"https:\/\/triggerizmir.com\/arinnanda\/wp-json\/wp\/v2\/media?parent=8737"}],"curies":[{"name":"wp","href":"https:\/\/api.w.org\/{rel}","templated":true}]}}