{"id":8739,"date":"2024-11-28T17:54:50","date_gmt":"2024-11-28T17:54:50","guid":{"rendered":"https:\/\/triggerizmir.com\/arinnanda\/?page_id=8739"},"modified":"2024-12-15T18:01:13","modified_gmt":"2024-12-15T18:01:13","slug":"aktiviteler","status":"publish","type":"page","link":"https:\/\/triggerizmir.com\/arinnanda\/aktiviteler\/","title":{"rendered":"Aktiviteler"},"content":{"rendered":"<p><div class=\"fusion-fullwidth fullwidth-box fusion-builder-row-1 fusion-flex-container has-pattern-background has-mask-background fusion-parallax-none hundred-percent-fullwidth non-hundred-percent-height-scrolling\" style=\"--awb-border-radius-top-left:0px;--awb-border-radius-top-right:0px;--awb-border-radius-bottom-right:0px;--awb-border-radius-bottom-left:0px;--awb-min-height:65vh;--awb-min-height-small:50vh;--awb-background-image:linear-gradient(180deg, hsla(var(--awb-color8-h),var(--awb-color8-s),var(--awb-color8-l),calc(var(--awb-color8-a) - 72%)) 0%,hsla(var(--awb-color8-h),var(--awb-color8-s),var(--awb-color8-l),calc(var(--awb-color8-a) - 90%)) 100%),url(https:\/\/triggerizmir.com\/arinnanda\/wp-content\/uploads\/2024\/11\/Arinnanda-Otel-Cesme-G2.jpg);;--awb-background-size:cover;--awb-flex-wrap:wrap;\" ><div class=\"fusion-builder-row fusion-row fusion-flex-align-items-flex-start fusion-flex-align-content-flex-end fusion-flex-content-wrap\" style=\"width:104% !important;max-width:104% !important;margin-left: calc(-4% \/ 2 );margin-right: calc(-4% \/ 2 );\"><div class=\"fusion-layout-column fusion_builder_column fusion-builder-column-0 fusion_builder_column_1_1 1_1 fusion-flex-column\" style=\"--awb-bg-size:cover;--awb-width-large:100%;--awb-margin-top-large:16px;--awb-spacing-right-large:1.92%;--awb-margin-bottom-large:0px;--awb-spacing-left-large:1.92%;--awb-width-medium:100%;--awb-order-medium:0;--awb-spacing-right-medium:1.92%;--awb-spacing-left-medium:1.92%;--awb-width-small:100%;--awb-order-small:0;--awb-spacing-right-small:1.92%;--awb-spacing-left-small:1.92%;\" data-motion-effects=\"[{&quot;type&quot;:&quot;scroll&quot;,&quot;transition_speed&quot;:&quot;1.5&quot;,&quot;start_element&quot;:&quot;top&quot;,&quot;start_viewport&quot;:&quot;bottom&quot;,&quot;end_element&quot;:&quot;center&quot;,&quot;end_viewport&quot;:&quot;top&quot;},{&quot;type&quot;:&quot;scroll&quot;,&quot;scroll_type&quot;:&quot;fade&quot;,&quot;end_element&quot;:&quot;center&quot;,&quot;end_viewport&quot;:&quot;center&quot;}]\" data-scroll-devices=\"small-visibility,medium-visibility,large-visibility\"><div class=\"fusion-column-wrapper fusion-column-has-shadow fusion-flex-justify-content-flex-start fusion-content-layout-column\"><div class=\"fusion-title title fusion-title-1 fusion-sep-none fusion-title-center fusion-title-text fusion-title-size-one\" style=\"--awb-text-color:var(--awb-color1);--awb-margin-bottom:0px;--awb-margin-top-small:0px;--awb-margin-right-small:0px;--awb-margin-bottom-small:8px;--awb-margin-left-small:0px;--awb-font-size:5rem;\"><h1 class=\"fusion-title-heading title-heading-center fusion-responsive-typography-calculated\" style=\"font-family:var(--awb-custom_typography_1-font-family);font-weight:var(--awb-custom_typography_1-font-weight);font-style:var(--awb-custom_typography_1-font-style);margin:0;letter-spacing:var(--awb-custom_typography_1-letter-spacing);text-transform:var(--awb-custom_typography_1-text-transform);font-size:1em;--fontSize:90;line-height:var(--awb-custom_typography_1-line-height);\">Aktiviteler<\/h1><\/div><\/div><\/div><\/div><\/div><div class=\"fusion-fullwidth fullwidth-box fusion-builder-row-2 fusion-flex-container has-pattern-background has-mask-background nonhundred-percent-fullwidth non-hundred-percent-height-scrolling\" style=\"--awb-border-radius-top-left:0px;--awb-border-radius-top-right:0px;--awb-border-radius-bottom-right:0px;--awb-border-radius-bottom-left:0px;--awb-padding-top:40px;--awb-padding-bottom:40px;--awb-padding-top-small:48px;--awb-padding-bottom-small:48px;--awb-flex-wrap:wrap;\" ><div class=\"fusion-builder-row fusion-row fusion-flex-align-items-stretch fusion-flex-justify-content-center fusion-flex-content-wrap\" style=\"max-width:1248px;margin-left: calc(-4% \/ 2 );margin-right: calc(-4% \/ 2 );\"><div class=\"fusion-layout-column fusion_builder_column fusion-builder-column-1 fusion_builder_column_1_2 1_2 fusion-flex-column\" style=\"--awb-bg-size:cover;--awb-width-large:50%;--awb-margin-top-large:16px;--awb-spacing-right-large:3.84%;--awb-margin-bottom-large:16px;--awb-spacing-left-large:3.84%;--awb-width-medium:50%;--awb-order-medium:0;--awb-spacing-right-medium:3.84%;--awb-spacing-left-medium:3.84%;--awb-width-small:100%;--awb-order-small:0;--awb-spacing-right-small:1.92%;--awb-spacing-left-small:1.92%;\"><div class=\"fusion-column-wrapper fusion-column-has-shadow fusion-flex-justify-content-flex-start fusion-content-layout-column\"><div class=\"fusion-text fusion-text-1\"><p>Arinnanda Otel\u2019de tatil sadece dinlenmekle s\u0131n\u0131rl\u0131 de\u011fil, ayn\u0131 zamanda e\u011flence, ke\u015fif ve deneyim dolu an\u0131larla ta\u00e7lan\u0131yor! Her ya\u015ftan misafirimize hitap eden etkinliklerimizle tatilinize renk kat\u0131yoruz.<\/p>\n<ul>\n<li><strong>Yoga ve Pilates Seanslar\u0131:<\/strong> G\u00fcne Ege\u2019nin huzur veren manzaras\u0131 e\u015fli\u011finde bedeninizi ve zihninizi dinlendirerek ba\u015flay\u0131n.<\/li>\n<li><strong>Su Sporlar\u0131 ve Plaj Aktiviteleri:<\/strong> \u00c7e\u015fme\u2019nin masmavi denizinde keyifli bir g\u00fcn ge\u00e7irmeniz i\u00e7in \u00e7e\u015fitli su sporlar\u0131 ve e\u011flenceli plaj aktiviteleri sunuyoruz.<\/li>\n<li><strong>Canl\u0131 M\u00fczik Geceleri:<\/strong> Yerel ve uluslararas\u0131 sanat\u00e7\u0131lar\u0131n performanslar\u0131yla m\u00fczik dolu unutulmaz ak\u015famlara davetlisiniz.<\/li>\n<li><strong>Lezzet At\u00f6lyeleri:<\/strong> B\u00f6lgeye \u00f6zg\u00fc tatlar\u0131n s\u0131rlar\u0131n\u0131 \u00f6\u011frenmek i\u00e7in d\u00fczenledi\u011fimiz yemek ve \u015farap tad\u0131m etkinliklerine kat\u0131labilirsiniz.<\/li>\n<li><strong>\u00c7ocuk Kul\u00fcb\u00fc:<\/strong> K\u00fc\u00e7\u00fck misafirlerimizi e\u011flence dolu oyunlar ve yarat\u0131c\u0131 aktivitelerle mutlu etmeyi hedefliyoruz.<\/li>\n<\/ul>\n<p>Arinnanda Otel\u2019de hem rahatlayabilir hem de yeni deneyimlerle tatilinizi zenginle\u015ftirebilirsiniz. Sizi, \u00c7e\u015fme\u2019nin g\u00fczelliklerini ke\u015ffetmeye davet ediyoruz!<\/p>\n<\/div><\/div><\/div><div class=\"fusion-layout-column fusion_builder_column fusion-builder-column-2 fusion_builder_column_1_2 1_2 fusion-flex-column\" style=\"--awb-bg-size:cover;--awb-width-large:50%;--awb-margin-top-large:16px;--awb-spacing-right-large:3.84%;--awb-margin-bottom-large:16px;--awb-spacing-left-large:3.84%;--awb-width-medium:50%;--awb-order-medium:0;--awb-spacing-right-medium:3.84%;--awb-spacing-left-medium:3.84%;--awb-width-small:100%;--awb-order-small:0;--awb-spacing-right-small:1.92%;--awb-spacing-left-small:1.92%;\"><div class=\"fusion-column-wrapper fusion-column-has-shadow fusion-flex-justify-content-flex-start fusion-content-layout-column\"><div class=\"fusion-image-element \" style=\"--awb-caption-title-font-family:var(--h2_typography-font-family);--awb-caption-title-font-weight:var(--h2_typography-font-weight);--awb-caption-title-font-style:var(--h2_typography-font-style);--awb-caption-title-size:var(--h2_typography-font-size);--awb-caption-title-transform:var(--h2_typography-text-transform);--awb-caption-title-line-height:var(--h2_typography-line-height);--awb-caption-title-letter-spacing:var(--h2_typography-letter-spacing);\"><span class=\" fusion-imageframe imageframe-none imageframe-1 hover-type-none\"><img decoding=\"async\" width=\"1080\" height=\"1080\" title=\"Arinnanda_Otel_Cesme_4\" src=\"https:\/\/triggerizmir.com\/arinnanda\/wp-content\/uploads\/2023\/09\/Arinnanda_Otel_Cesme_4.jpeg\" alt class=\"img-responsive wp-image-8742\" srcset=\"https:\/\/triggerizmir.com\/arinnanda\/wp-content\/uploads\/2023\/09\/Arinnanda_Otel_Cesme_4-200x200.jpeg 200w, https:\/\/triggerizmir.com\/arinnanda\/wp-content\/uploads\/2023\/09\/Arinnanda_Otel_Cesme_4-400x400.jpeg 400w, https:\/\/triggerizmir.com\/arinnanda\/wp-content\/uploads\/2023\/09\/Arinnanda_Otel_Cesme_4-600x600.jpeg 600w, https:\/\/triggerizmir.com\/arinnanda\/wp-content\/uploads\/2023\/09\/Arinnanda_Otel_Cesme_4-800x800.jpeg 800w, https:\/\/triggerizmir.com\/arinnanda\/wp-content\/uploads\/2023\/09\/Arinnanda_Otel_Cesme_4.jpeg 1080w\" sizes=\"(max-width: 640px) 100vw, 600px\" \/><\/span><\/div><\/div><\/div><\/div><\/div><\/p>\n","protected":false},"excerpt":{"rendered":"","protected":false},"author":1,"featured_media":0,"parent":0,"menu_order":0,"comment_status":"closed","ping_status":"closed","template":"100-width.php","meta":{"footnotes":""},"class_list":["post-8739","page","type-page","status-publish","hentry"],"_links":{"self":[{"href":"https:\/\/triggerizmir.com\/arinnanda\/wp-json\/wp\/v2\/pages\/8739","targetHints":{"allow":["GET"]}}],"collection":[{"href":"https:\/\/triggerizmir.com\/arinnanda\/wp-json\/wp\/v2\/pages"}],"about":[{"href":"https:\/\/triggerizmir.com\/arinnanda\/wp-json\/wp\/v2\/types\/page"}],"author":[{"embeddable":true,"href":"https:\/\/triggerizmir.com\/arinnanda\/wp-json\/wp\/v2\/users\/1"}],"replies":[{"embeddable":true,"href":"https:\/\/triggerizmir.com\/arinnanda\/wp-json\/wp\/v2\/comments?post=8739"}],"version-history":[{"count":6,"href":"https:\/\/triggerizmir.com\/arinnanda\/wp-json\/wp\/v2\/pages\/8739\/revisions"}],"predecessor-version":[{"id":9143,"href":"https:\/\/triggerizmir.com\/arinnanda\/wp-json\/wp\/v2\/pages\/8739\/revisions\/9143"}],"wp:attachment":[{"href":"https:\/\/triggerizmir.com\/arinnanda\/wp-json\/wp\/v2\/media?parent=8739"}],"curies":[{"name":"wp","href":"https:\/\/api.w.org\/{rel}","templated":true}]}}